{"id":1394,"date":"2022-02-15T08:57:29","date_gmt":"2022-02-15T08:57:29","guid":{"rendered":"https:\/\/fabricadeharinaslagloria.com\/alojamiento\/"},"modified":"2022-05-25T12:46:13","modified_gmt":"2022-05-25T12:46:13","slug":"logement","status":"publish","type":"page","link":"https:\/\/fabricadeharinaslagloria.com\/fr\/logement\/","title":{"rendered":"Logement"},"content":{"rendered":"<p>[et_pb_section fb_built=\u00a0\u00bb1&Prime; admin_label=\u00a0\u00bbHero Section\u00a0\u00bb module_id=\u00a0\u00bbinfo\u00a0\u00bb _builder_version=\u00a0\u00bb4.17.4&Prime; use_background_color_gradient=\u00a0\u00bbon\u00a0\u00bb background_color_gradient_direction=\u00a0\u00bb56deg\u00a0\u00bb background_color_gradient_stops=\u00a0\u00bb#000000 0%|rgba(0,0,0,0) 100%\u00a0\u00bb background_color_gradient_overlays_image=\u00a0\u00bbon\u00a0\u00bb background_color_gradient_start=\u00a0\u00bb#000000&Prime; background_color_gradient_end=\u00a0\u00bbrgba(0,0,0,0)\u00a0\u00bb background_image=\u00a0\u00bbhttps:\/\/fabricadeharinaslagloria.com\/wp-content\/uploads\/2022\/05\/baneralojamiento.jpg\u00a0\u00bb background_size=\u00a0\u00bbinitial\u00a0\u00bb background_position=\u00a0\u00bbtop_center\u00a0\u00bb custom_margin=\u00a0\u00bb|||\u00a0\u00bb custom_padding=\u00a0\u00bb8%||8%|\u00a0\u00bb global_colors_info=\u00a0\u00bb{}\u00a0\u00bb][\/et_pb_section][et_pb_section fb_built=\u00a0\u00bb1&Prime; disabled_on=\u00a0\u00bboff|off|off\u00a0\u00bb _builder_version=\u00a0\u00bb4.17.4&Prime; _module_preset=\u00a0\u00bbdefault\u00a0\u00bb background_color=\u00a0\u00bb#ededed\u00a0\u00bb custom_margin=\u00a0\u00bb0px||0px||false|false\u00a0\u00bb custom_padding=\u00a0\u00bb0px||0px||false|false\u00a0\u00bb global_colors_info=\u00a0\u00bb{}\u00a0\u00bb][et_pb_row _builder_version=\u00a0\u00bb4.16&Prime; _module_preset=\u00a0\u00bbdefault\u00a0\u00bb max_width=\u00a0\u00bb80%\u00a0\u00bb custom_margin=\u00a0\u00bb0px||0px||false|false\u00a0\u00bb custom_padding=\u00a0\u00bb0px||0px||false|false\u00a0\u00bb global_colors_info=\u00a0\u00bb{}\u00a0\u00bb][et_pb_column type=\u00a0\u00bb4_4&Prime; _builder_version=\u00a0\u00bb4.16&Prime; _module_preset=\u00a0\u00bbdefault\u00a0\u00bb global_colors_info=\u00a0\u00bb{}\u00a0\u00bb][et_pb_text _builder_version=\u00a0\u00bb4.16&Prime; _module_preset=\u00a0\u00bbdefault\u00a0\u00bb background_color=\u00a0\u00bbRGBA(255,255,255,0)\u00a0\u00bb custom_margin=\u00a0\u00bb0px||||false|false\u00a0\u00bb global_colors_info=\u00a0\u00bb{}\u00a0\u00bb]<\/p>\n  <div  id=\"avirato_container\" style=\"  margin:0 auto; width:100%;z-index: 900;\">\r\n      <div class=\"avirato_form\" >\r\n\r\n      <form id=\"form_avirato\" class=\"simpleCal\" action=\"https:\/\/avirato.com\/motor_reservas\/reserva_online.php?code=58032430\" target=\"_blank\" method=\"POST\">\r\n      <div>\r\n      <input  placeholder=\"Llegada\" type=\"text\" id=\"date-picker-1-1\" readonly=\"readonly\" style=\"\" name=\"from\" > <span class=\"material-icons iconAv\">event<\/span>\r\n      <\/div>\r\n      <div>\r\n      <input  placeholder=\"Salida\" type=\"text\" id=\"date-picker-2-1\" readonly=\"readonly\" name=\"to\" style=\"\" ><span class=\"material-icons iconAv\">event<\/span>\r\n      <\/div>\r\n      <div>\r\n      <input type=\"text\" id=\"prom\" name=\"cod_promocional\" placeholder=\"C\u00f3digo Promocional\">\r\n      <\/div>\r\n      <div>\r\n      <input class=\"btn\" style=\"\" id=\"check-availability\" type=\"submit\" value=\"Reservar\">\r\n      <\/div>\r\n      <\/form>\r\n      <\/div>\r\n      <\/div>\r\n      \n<p>[\/et_pb_text][\/et_pb_column][\/et_pb_row][\/et_pb_section][et_pb_section fb_built=\u00a0\u00bb1&Prime; admin_label=\u00a0\u00bbGallery Section\u00a0\u00bb _builder_version=\u00a0\u00bb4.16&Prime; custom_padding=\u00a0\u00bb2px||22px|||\u00a0\u00bb global_colors_info=\u00a0\u00bb{}\u00a0\u00bb][et_pb_row column_structure=\u00a0\u00bb1_2,1_2&Prime; _builder_version=\u00a0\u00bb4.17.4&Prime; background_size=\u00a0\u00bbinitial\u00a0\u00bb background_position=\u00a0\u00bbtop_left\u00a0\u00bb background_repeat=\u00a0\u00bbrepeat\u00a0\u00bb transform_translate=\u00a0\u00bb0px|-181px\u00a0\u00bb transform_translate_linked=\u00a0\u00bboff\u00a0\u00bb custom_margin=\u00a0\u00bb0px||0px||false|false\u00a0\u00bb custom_padding=\u00a0\u00bb||0px||false|false\u00a0\u00bb global_colors_info=\u00a0\u00bb{}\u00a0\u00bb][et_pb_column type=\u00a0\u00bb1_2&Prime; _builder_version=\u00a0\u00bb4.16&Prime; custom_padding=\u00a0\u00bb||0px||false|false\u00a0\u00bb global_colors_info=\u00a0\u00bb{}\u00a0\u00bb custom_padding__hover=\u00a0\u00bb|||\u00a0\u00bb][et_pb_text admin_label=\u00a0\u00bbTitle\u00a0\u00bb _builder_version=\u00a0\u00bb4.17.4&Prime; text_font=\u00a0\u00bbQuattrocento||||||||\u00a0\u00bb text_text_color=\u00a0\u00bb#FFFFFF\u00a0\u00bb text_font_size=\u00a0\u00bb25px\u00a0\u00bb text_line_height=\u00a0\u00bb2em\u00a0\u00bb header_font=\u00a0\u00bbQuattrocento|||on|||||\u00a0\u00bb header_text_align=\u00a0\u00bbcenter\u00a0\u00bb header_text_color=\u00a0\u00bb#FFFFFF\u00a0\u00bb header_font_size=\u00a0\u00bb27px\u00a0\u00bb header_letter_spacing=\u00a0\u00bb6px\u00a0\u00bb header_line_height=\u00a0\u00bb1.4em\u00a0\u00bb text_orientation=\u00a0\u00bbcenter\u00a0\u00bb max_width=\u00a0\u00bb800px\u00a0\u00bb module_alignment=\u00a0\u00bbcenter\u00a0\u00bb custom_margin=\u00a0\u00bb||0px||false|false\u00a0\u00bb custom_padding=\u00a0\u00bb||0px|||\u00a0\u00bb animation_style=\u00a0\u00bbslide\u00a0\u00bb animation_direction=\u00a0\u00bbtop\u00a0\u00bb animation_intensity_slide=\u00a0\u00bb3%\u00a0\u00bb animation_starting_opacity=\u00a0\u00bb100%\u00a0\u00bb hover_enabled=\u00a0\u00bb0&Prime; header_font_size_tablet=\u00a0\u00bb40px\u00a0\u00bb header_font_size_phone=\u00a0\u00bb\u00a0\u00bb header_font_size_last_edited=\u00a0\u00bbon|tablet\u00a0\u00bb text_text_shadow_style=\u00a0\u00bbpreset4&Prime; text_text_shadow_horizontal_length=\u00a0\u00bb-0.05em\u00a0\u00bb text_text_shadow_vertical_length=\u00a0\u00bb0.02em\u00a0\u00bb text_text_shadow_color=\u00a0\u00bb#000000&Prime; header_text_shadow_style=\u00a0\u00bbpreset3&Prime; header_text_shadow_blur_strength=\u00a0\u00bb0.07em\u00a0\u00bb header_text_shadow_color=\u00a0\u00bb#000000&Prime; global_colors_info=\u00a0\u00bb{}\u00a0\u00bb sticky_enabled=\u00a0\u00bb0&Prime;]<\/p>\n<h1 style=\"text-align: left;\">LOGEMENT<\/h1>\n<p>[\/et_pb_text][\/et_pb_column][et_pb_column type=\u00a0\u00bb1_2&Prime; _builder_version=\u00a0\u00bb4.16&Prime; custom_padding=\u00a0\u00bb|||\u00a0\u00bb global_colors_info=\u00a0\u00bb{}\u00a0\u00bb custom_padding__hover=\u00a0\u00bb|||\u00a0\u00bb][\/et_pb_column][\/et_pb_row][et_pb_row column_structure=\u00a0\u00bb1_2,1_2&Prime; _builder_version=\u00a0\u00bb4.17.4&Prime; _module_preset=\u00a0\u00bbdefault\u00a0\u00bb max_width=\u00a0\u00bb1440px\u00a0\u00bb custom_padding=\u00a0\u00bb0px||7px|||\u00a0\u00bb global_colors_info=\u00a0\u00bb{}\u00a0\u00bb][et_pb_column type=\u00a0\u00bb1_2&Prime; _builder_version=\u00a0\u00bb4.16&Prime; _module_preset=\u00a0\u00bbdefault\u00a0\u00bb global_colors_info=\u00a0\u00bb{}\u00a0\u00bb][et_pb_image src=\u00a0\u00bbhttps:\/\/fabricadeharinaslagloria.com\/wp-content\/uploads\/2022\/05\/h2-cama.jpg\u00a0\u00bb title_text=\u00a0\u00bbh2-cama\u00a0\u00bb show_in_lightbox=\u00a0\u00bbon\u00a0\u00bb force_fullwidth=\u00a0\u00bbon\u00a0\u00bb align_tablet=\u00a0\u00bbcenter\u00a0\u00bb align_phone=\u00a0\u00bbcenter\u00a0\u00bb align_last_edited=\u00a0\u00bbon|desktop\u00a0\u00bb _builder_version=\u00a0\u00bb4.17.4&Prime; animation_style=\u00a0\u00bbslide\u00a0\u00bb animation_direction=\u00a0\u00bbleft\u00a0\u00bb animation_intensity_slide=\u00a0\u00bb5%\u00a0\u00bb animation_starting_opacity=\u00a0\u00bb100%\u00a0\u00bb global_colors_info=\u00a0\u00bb{}\u00a0\u00bb][\/et_pb_image][\/et_pb_column][et_pb_column type=\u00a0\u00bb1_2&Prime; _builder_version=\u00a0\u00bb4.16&Prime; _module_preset=\u00a0\u00bbdefault\u00a0\u00bb global_colors_info=\u00a0\u00bb{}\u00a0\u00bb][et_pb_text _builder_version=\u00a0\u00bb4.17.4&Prime; _module_preset=\u00a0\u00bbdefault\u00a0\u00bb text_font=\u00a0\u00bbQuattrocento||||||||\u00a0\u00bb text_font_size=\u00a0\u00bb18px\u00a0\u00bb text_letter_spacing=\u00a0\u00bb1px\u00a0\u00bb text_line_height=\u00a0\u00bb1.8em\u00a0\u00bb hover_enabled=\u00a0\u00bb0&Prime; global_colors_info=\u00a0\u00bb{}\u00a0\u00bb sticky_enabled=\u00a0\u00bb0&Prime;]Le g\u00eete-h\u00f4tel dispose de 9 chambre enti\u00e8rement \u00e9quip\u00e9es, dont deux suites. Elles sont situ\u00e9s dans l&rsquo;ancienne meunerie de la famille V\u00e1zquez. <\/p>\n<p>Aujourd&rsquo;hui, vouz pouvez loger dans l&rsquo;une de ces chambres et profite de son environnement, soit en visitant le mus\u00e9e de la farine, les monast\u00e8res de San Mill\u00e1n, soit en faisant des randon\u00e9es dans les montagnes. [\/et_pb_text][\/et_pb_column][\/et_pb_row][et_pb_row use_custom_gutter=\u00a0\u00bbon\u00a0\u00bb gutter_width=\u00a0\u00bb2&Prime; _builder_version=\u00a0\u00bb4.17.4&Prime; max_width=\u00a0\u00bb1440px\u00a0\u00bb custom_margin=\u00a0\u00bb102px|auto|7px|auto||\u00a0\u00bb custom_padding=\u00a0\u00bb5px|||\u00a0\u00bb use_custom_width=\u00a0\u00bbon\u00a0\u00bb custom_width_px=\u00a0\u00bb1440px\u00a0\u00bb global_colors_info=\u00a0\u00bb{}\u00a0\u00bb][et_pb_column type=\u00a0\u00bb4_4&Prime; _builder_version=\u00a0\u00bb4.16&Prime; custom_padding=\u00a0\u00bb|||\u00a0\u00bb global_colors_info=\u00a0\u00bb{}\u00a0\u00bb custom_padding__hover=\u00a0\u00bb|||\u00a0\u00bb][et_pb_gallery gallery_ids=\u00a0\u00bb1361,1358,1355,1352&Prime; show_title_and_caption=\u00a0\u00bboff\u00a0\u00bb show_pagination=\u00a0\u00bboff\u00a0\u00bb _builder_version=\u00a0\u00bb4.17.4&Prime; _module_preset=\u00a0\u00bbdefault\u00a0\u00bb global_colors_info=\u00a0\u00bb{}\u00a0\u00bb][\/et_pb_gallery][\/et_pb_column][\/et_pb_row][et_pb_row disabled_on=\u00a0\u00bbon|on|on\u00a0\u00bb _builder_version=\u00a0\u00bb4.16&Prime; disabled=\u00a0\u00bbon\u00a0\u00bb global_colors_info=\u00a0\u00bb{}\u00a0\u00bb][et_pb_column type=\u00a0\u00bb4_4&Prime; _builder_version=\u00a0\u00bb4.16&Prime; custom_padding=\u00a0\u00bb|||\u00a0\u00bb global_colors_info=\u00a0\u00bb{}\u00a0\u00bb custom_padding__hover=\u00a0\u00bb|||\u00a0\u00bb][et_pb_social_media_follow _builder_version=\u00a0\u00bb4.16&Prime; text_orientation=\u00a0\u00bbcenter\u00a0\u00bb locked=\u00a0\u00bboff\u00a0\u00bb global_colors_info=\u00a0\u00bb{}\u00a0\u00bb][et_pb_social_media_follow_network social_network=\u00a0\u00bbfacebook\u00a0\u00bb _builder_version=\u00a0\u00bb4.16&Prime; background_color=\u00a0\u00bbrgba(0,0,0,0.26)\u00a0\u00bb custom_margin=\u00a0\u00bb8px|8px|8px|8px\u00a0\u00bb custom_padding=\u00a0\u00bb6px|6px|6px|6px\u00a0\u00bb border_radii=\u00a0\u00bbon||||\u00a0\u00bb global_colors_info=\u00a0\u00bb{}\u00a0\u00bb follow_button=\u00a0\u00bboff\u00a0\u00bb url_new_window=\u00a0\u00bbon\u00a0\u00bb]facebook[\/et_pb_social_media_follow_network][et_pb_social_media_follow_network social_network=\u00a0\u00bbpinterest\u00a0\u00bb _builder_version=\u00a0\u00bb4.16&Prime; background_color=\u00a0\u00bbrgba(0,0,0,0.26)\u00a0\u00bb custom_margin=\u00a0\u00bb8px|8px|8px|8px\u00a0\u00bb custom_padding=\u00a0\u00bb6px|6px|6px|6px\u00a0\u00bb border_radii=\u00a0\u00bbon||||\u00a0\u00bb global_colors_info=\u00a0\u00bb{}\u00a0\u00bb follow_button=\u00a0\u00bboff\u00a0\u00bb url_new_window=\u00a0\u00bbon\u00a0\u00bb]pinterest[\/et_pb_social_media_follow_network][et_pb_social_media_follow_network social_network=\u00a0\u00bbyoutube\u00a0\u00bb _builder_version=\u00a0\u00bb4.16&Prime; background_color=\u00a0\u00bbrgba(0,0,0,0.26)\u00a0\u00bb custom_margin=\u00a0\u00bb8px|8px|8px|8px\u00a0\u00bb custom_padding=\u00a0\u00bb6px|6px|6px|6px\u00a0\u00bb border_radii=\u00a0\u00bbon||||\u00a0\u00bb global_colors_info=\u00a0\u00bb{}\u00a0\u00bb follow_button=\u00a0\u00bboff\u00a0\u00bb url_new_window=\u00a0\u00bbon\u00a0\u00bb]youtube[\/et_pb_social_media_follow_network][et_pb_social_media_follow_network social_network=\u00a0\u00bbinstagram\u00a0\u00bb _builder_version=\u00a0\u00bb4.16&Prime; background_color=\u00a0\u00bbrgba(0,0,0,0.26)\u00a0\u00bb custom_margin=\u00a0\u00bb8px|8px|8px|8px\u00a0\u00bb custom_padding=\u00a0\u00bb6px|6px|6px|6px\u00a0\u00bb border_radii=\u00a0\u00bbon||||\u00a0\u00bb global_colors_info=\u00a0\u00bb{}\u00a0\u00bb follow_button=\u00a0\u00bboff\u00a0\u00bb url_new_window=\u00a0\u00bbon\u00a0\u00bb]instagram[\/et_pb_social_media_follow_network][\/et_pb_social_media_follow][\/et_pb_column][\/et_pb_row][\/et_pb_section][et_pb_section fb_built=\u00a0\u00bb1&Prime; admin_label=\u00a0\u00bbSubscription Section\u00a0\u00bb _builder_version=\u00a0\u00bb4.17.4&Prime; use_background_color_gradient=\u00a0\u00bbon\u00a0\u00bb background_color_gradient_stops=\u00a0\u00bbrgba(17,8,3,0.8) 0%|rgba(0,0,0,0.92) 100%\u00a0\u00bb background_color_gradient_overlays_image=\u00a0\u00bbon\u00a0\u00bb background_color_gradient_start=\u00a0\u00bbrgba(17,8,3,0.8)\u00a0\u00bb background_color_gradient_end=\u00a0\u00bbrgba(0,0,0,0.92)\u00a0\u00bb background_enable_image=\u00a0\u00bboff\u00a0\u00bb background_position=\u00a0\u00bbbottom_right\u00a0\u00bb custom_padding=\u00a0\u00bb159px||159px|\u00a0\u00bb global_colors_info=\u00a0\u00bb{}\u00a0\u00bb][et_pb_row _builder_version=\u00a0\u00bb4.16&Prime; _module_preset=\u00a0\u00bbdefault\u00a0\u00bb global_colors_info=\u00a0\u00bb{}\u00a0\u00bb][et_pb_column type=\u00a0\u00bb4_4&Prime; _builder_version=\u00a0\u00bb4.16&Prime; _module_preset=\u00a0\u00bbdefault\u00a0\u00bb global_colors_info=\u00a0\u00bb{}\u00a0\u00bb][et_pb_divider show_divider=\u00a0\u00bboff\u00a0\u00bb _builder_version=\u00a0\u00bb4.16&Prime; _module_preset=\u00a0\u00bbdefault\u00a0\u00bb custom_padding=\u00a0\u00bb||66px|||\u00a0\u00bb global_colors_info=\u00a0\u00bb{}\u00a0\u00bb][\/et_pb_divider][\/et_pb_column][\/et_pb_row][\/et_pb_section]<\/p>\n","protected":false},"excerpt":{"rendered":"<p>  <div  id=\"avirato_container\" style=\"  margin:0 auto; width:100%;z-index: 900;\">\r\n      <div class=\"avirato_form\" >\r\n\r\n      <form id=\"form_avirato\" class=\"simpleCal\" action=\"https:\/\/avirato.com\/motor_reservas\/reserva_online.php?code=58032430\" target=\"_blank\" method=\"POST\">\r\n      <div>\r\n      <input  placeholder=\"Llegada\" type=\"text\" id=\"date-picker-1-1\" readonly=\"readonly\" style=\"\" name=\"from\" > <span class=\"material-icons iconAv\">event<\/span>\r\n      <\/div>\r\n      <div>\r\n      <input  placeholder=\"Salida\" type=\"text\" id=\"date-picker-2-1\" readonly=\"readonly\" name=\"to\" style=\"\" ><span class=\"material-icons iconAv\">event<\/span>\r\n      <\/div>\r\n      <div>\r\n      <input type=\"text\" id=\"prom\" name=\"cod_promocional\" placeholder=\"C\u00f3digo Promocional\">\r\n      <\/div>\r\n      <div>\r\n      <input class=\"btn\" style=\"\" id=\"check-availability\" type=\"submit\" value=\"Reservar\">\r\n      <\/div>\r\n      <\/form>\r\n      <\/div>\r\n      <\/div>\r\n      LOGEMENTLe g\u00eete-h\u00f4tel dispose de 9 chambre enti\u00e8rement \u00e9quip\u00e9es, dont deux suites. Elles sont situ\u00e9s dans l&rsquo;ancienne meunerie de la famille V\u00e1zquez. Aujourd&rsquo;hui, vouz pouvez loger dans l&rsquo;une de ces chambres et profite de son environnement, soit en visitant le mus\u00e9e de la farine, les monast\u00e8res de San Mill\u00e1n, soit en faisant des randon\u00e9es dans [&hellip;]<\/p>\n","protected":false},"author":1,"featured_media":0,"parent":0,"menu_order":0,"comment_status":"closed","ping_status":"closed","template":"","meta":{"_et_pb_use_builder":"on","_et_pb_old_content":"","_et_gb_content_width":"","footnotes":""},"class_list":["post-1394","page","type-page","status-publish","hentry"],"yoast_head":"<!-- This site is optimized with the Yoast SEO plugin v24.4 - https:\/\/yoast.com\/wordpress\/plugins\/seo\/ -->\n<title>Logement - Fabrica La Gloria, Casa Rural | Museo | Experiencias<\/title>\n<meta name=\"robots\" content=\"index, follow, max-snippet:-1, max-image-preview:large, max-video-preview:-1\" \/>\n<link rel=\"canonical\" href=\"https:\/\/fabricadeharinaslagloria.com\/fr\/logement\/\" \/>\n<meta property=\"og:locale\" content=\"fr_FR\" \/>\n<meta property=\"og:type\" content=\"article\" \/>\n<meta property=\"og:title\" content=\"Logement - Fabrica La Gloria, Casa Rural | Museo | Experiencias\" \/>\n<meta property=\"og:description\" content=\"LOGEMENTLe g\u00eete-h\u00f4tel dispose de 9 chambre enti\u00e8rement \u00e9quip\u00e9es, dont deux suites. Elles sont situ\u00e9s dans l&#039;ancienne meunerie de la famille V\u00e1zquez. Aujourd&#039;hui, vouz pouvez loger dans l&#039;une de ces chambres et profite de son environnement, soit en visitant le mus\u00e9e de la farine, les monast\u00e8res de San Mill\u00e1n, soit en faisant des randon\u00e9es dans [&hellip;]\" \/>\n<meta property=\"og:url\" content=\"https:\/\/fabricadeharinaslagloria.com\/fr\/logement\/\" \/>\n<meta property=\"og:site_name\" content=\"Fabrica La Gloria, Casa Rural | Museo | Experiencias\" \/>\n<meta property=\"article:modified_time\" content=\"2022-05-25T12:46:13+00:00\" \/>\n<meta name=\"twitter:card\" content=\"summary_large_image\" \/>\n<meta name=\"twitter:label1\" content=\"Dur\u00e9e de lecture estim\u00e9e\" \/>\n\t<meta name=\"twitter:data1\" content=\"5 minutes\" \/>\n<script type=\"application\/ld+json\" class=\"yoast-schema-graph\">{\"@context\":\"https:\/\/schema.org\",\"@graph\":[{\"@type\":\"WebPage\",\"@id\":\"https:\/\/fabricadeharinaslagloria.com\/fr\/logement\/\",\"url\":\"https:\/\/fabricadeharinaslagloria.com\/fr\/logement\/\",\"name\":\"Logement - Fabrica La Gloria, Casa Rural | Museo | Experiencias\",\"isPartOf\":{\"@id\":\"https:\/\/fabricadeharinaslagloria.com\/#website\"},\"datePublished\":\"2022-02-15T08:57:29+00:00\",\"dateModified\":\"2022-05-25T12:46:13+00:00\",\"breadcrumb\":{\"@id\":\"https:\/\/fabricadeharinaslagloria.com\/fr\/logement\/#breadcrumb\"},\"inLanguage\":\"fr-FR\",\"potentialAction\":[{\"@type\":\"ReadAction\",\"target\":[\"https:\/\/fabricadeharinaslagloria.com\/fr\/logement\/\"]}]},{\"@type\":\"BreadcrumbList\",\"@id\":\"https:\/\/fabricadeharinaslagloria.com\/fr\/logement\/#breadcrumb\",\"itemListElement\":[{\"@type\":\"ListItem\",\"position\":1,\"name\":\"Portada\",\"item\":\"https:\/\/fabricadeharinaslagloria.com\/\"},{\"@type\":\"ListItem\",\"position\":2,\"name\":\"Logement\"}]},{\"@type\":\"WebSite\",\"@id\":\"https:\/\/fabricadeharinaslagloria.com\/#website\",\"url\":\"https:\/\/fabricadeharinaslagloria.com\/\",\"name\":\"Fabrica La Gloria, Casa Rural | Museo | Experiencias\",\"description\":\"Estancias y experiencias para conocer La Rioja\",\"potentialAction\":[{\"@type\":\"SearchAction\",\"target\":{\"@type\":\"EntryPoint\",\"urlTemplate\":\"https:\/\/fabricadeharinaslagloria.com\/?s={search_term_string}\"},\"query-input\":{\"@type\":\"PropertyValueSpecification\",\"valueRequired\":true,\"valueName\":\"search_term_string\"}}],\"inLanguage\":\"fr-FR\"}]}<\/script>\n<!-- \/ Yoast SEO plugin. -->","yoast_head_json":{"title":"Logement - Fabrica La Gloria, Casa Rural | Museo | Experiencias","robots":{"index":"index","follow":"follow","max-snippet":"max-snippet:-1","max-image-preview":"max-image-preview:large","max-video-preview":"max-video-preview:-1"},"canonical":"https:\/\/fabricadeharinaslagloria.com\/fr\/logement\/","og_locale":"fr_FR","og_type":"article","og_title":"Logement - Fabrica La Gloria, Casa Rural | Museo | Experiencias","og_description":"LOGEMENTLe g\u00eete-h\u00f4tel dispose de 9 chambre enti\u00e8rement \u00e9quip\u00e9es, dont deux suites. Elles sont situ\u00e9s dans l'ancienne meunerie de la famille V\u00e1zquez. Aujourd'hui, vouz pouvez loger dans l'une de ces chambres et profite de son environnement, soit en visitant le mus\u00e9e de la farine, les monast\u00e8res de San Mill\u00e1n, soit en faisant des randon\u00e9es dans [&hellip;]","og_url":"https:\/\/fabricadeharinaslagloria.com\/fr\/logement\/","og_site_name":"Fabrica La Gloria, Casa Rural | Museo | Experiencias","article_modified_time":"2022-05-25T12:46:13+00:00","twitter_card":"summary_large_image","twitter_misc":{"Dur\u00e9e de lecture estim\u00e9e":"5 minutes"},"schema":{"@context":"https:\/\/schema.org","@graph":[{"@type":"WebPage","@id":"https:\/\/fabricadeharinaslagloria.com\/fr\/logement\/","url":"https:\/\/fabricadeharinaslagloria.com\/fr\/logement\/","name":"Logement - Fabrica La Gloria, Casa Rural | Museo | Experiencias","isPartOf":{"@id":"https:\/\/fabricadeharinaslagloria.com\/#website"},"datePublished":"2022-02-15T08:57:29+00:00","dateModified":"2022-05-25T12:46:13+00:00","breadcrumb":{"@id":"https:\/\/fabricadeharinaslagloria.com\/fr\/logement\/#breadcrumb"},"inLanguage":"fr-FR","potentialAction":[{"@type":"ReadAction","target":["https:\/\/fabricadeharinaslagloria.com\/fr\/logement\/"]}]},{"@type":"BreadcrumbList","@id":"https:\/\/fabricadeharinaslagloria.com\/fr\/logement\/#breadcrumb","itemListElement":[{"@type":"ListItem","position":1,"name":"Portada","item":"https:\/\/fabricadeharinaslagloria.com\/"},{"@type":"ListItem","position":2,"name":"Logement"}]},{"@type":"WebSite","@id":"https:\/\/fabricadeharinaslagloria.com\/#website","url":"https:\/\/fabricadeharinaslagloria.com\/","name":"Fabrica La Gloria, Casa Rural | Museo | Experiencias","description":"Estancias y experiencias para conocer La Rioja","potentialAction":[{"@type":"SearchAction","target":{"@type":"EntryPoint","urlTemplate":"https:\/\/fabricadeharinaslagloria.com\/?s={search_term_string}"},"query-input":{"@type":"PropertyValueSpecification","valueRequired":true,"valueName":"search_term_string"}}],"inLanguage":"fr-FR"}]}},"_links":{"self":[{"href":"https:\/\/fabricadeharinaslagloria.com\/fr\/wp-json\/wp\/v2\/pages\/1394","targetHints":{"allow":["GET"]}}],"collection":[{"href":"https:\/\/fabricadeharinaslagloria.com\/fr\/wp-json\/wp\/v2\/pages"}],"about":[{"href":"https:\/\/fabricadeharinaslagloria.com\/fr\/wp-json\/wp\/v2\/types\/page"}],"author":[{"embeddable":true,"href":"https:\/\/fabricadeharinaslagloria.com\/fr\/wp-json\/wp\/v2\/users\/1"}],"replies":[{"embeddable":true,"href":"https:\/\/fabricadeharinaslagloria.com\/fr\/wp-json\/wp\/v2\/comments?post=1394"}],"version-history":[{"count":4,"href":"https:\/\/fabricadeharinaslagloria.com\/fr\/wp-json\/wp\/v2\/pages\/1394\/revisions"}],"predecessor-version":[{"id":1399,"href":"https:\/\/fabricadeharinaslagloria.com\/fr\/wp-json\/wp\/v2\/pages\/1394\/revisions\/1399"}],"wp:attachment":[{"href":"https:\/\/fabricadeharinaslagloria.com\/fr\/wp-json\/wp\/v2\/media?parent=1394"}],"curies":[{"name":"wp","href":"https:\/\/api.w.org\/{rel}","templated":true}]}}